{"id":3703,"date":"2017-08-17T11:49:20","date_gmt":"2017-08-17T09:49:20","guid":{"rendered":"https:\/\/hotels-in-regensburg.com\/?page_id=3703"},"modified":"2017-08-17T11:49:20","modified_gmt":"2017-08-17T09:49:20","slug":"jobs","status":"publish","type":"page","link":"https:\/\/hotels-in-regensburg.com\/en\/jobs","title":{"rendered":"Jobs"},"content":{"rendered":"<section class=\"av_textblock_section \"  itemscope=\"itemscope\" itemtype=\"https:\/\/schema.org\/CreativeWork\" ><div class='avia_textblock  '   itemprop=\"text\" ><h2><\/h2>\n<h1>Ausbildung in der Hotellerie &#8211; Ihr Sprungbrett in die Welt!<\/h1>\n<p>Offene Stellen und Ausbildungspl\u00e4tze in unseren Partnerhotels<\/p>\n<p>Sie sind auf der Suche nach einem Ausbildungsplatz oder m\u00f6chten sich beruflich ver\u00e4ndern?<\/p>\n<\/div><\/section>\n<div   class=\"togglecontainer   toggle_close_all  avia-builder-el-1  el_after_av_textblock  el_before_av_image \" >\n<section class=\"av_toggle_section\"  itemscope=\"itemscope\" itemtype=\"https:\/\/schema.org\/CreativeWork\"  >    <div role=\"tablist\" class=\"single_toggle\" data-tags=\"{All} \"  >        <p data-fake-id=\"#toggle-id-1\" class=\"toggler \"  itemprop=\"headline\"    role=\"tab\" tabindex=\"0\" aria-controls=\"toggle-id-1\">Ausbildungsberuf Hotelfachfrau \/-mann<span class=\"toggle_icon\" >        <span class=\"vert_icon\"><\/span><span class=\"hor_icon\"><\/span><\/span><\/p>        <div id=\"toggle-id-1\" class=\"toggle_wrap \"   >            <div class=\"toggle_content invers-color \"  itemprop=\"text\"   ><p>Hotelfachleute sind in allen Abteilungen eines Hotelbetriebs zuhause und regelrechte Allround-Talente.<\/p>\n<p><strong>Diese Betriebe suchen Dich:<\/strong><br \/>\n<strong><a href=\"http:\/\/www.atrium-regensburg.de\/\" target=\"_blank\" rel=\"noopener\">Atrium im Park Hotel Regensburg<\/a><\/strong> &#8211; Herr Ralf Leidner &#8211; <a href=\"mailto:direktion@atrium-regensburg.de\">direktion@atrium-regensburg.de<br \/>\n<\/a><strong><a href=\"http:\/\/www.sorat-hotels.com\/\" target=\"_blank\" rel=\"noopener\">Sorat Insel Hotel<\/a> <\/strong>&#8211; Frau Tanja Sch\u00e4fer &#8211; <a href=\"mailto:t.schaefer@sorat-hotels.com\">t.schaefer@sorat-hotels.com<\/a><br \/>\n<strong><a href=\"http:\/\/www.dechbettener-hof.de\/\" target=\"_blank\" rel=\"noopener\">Dechbettener Hof<\/a><\/strong> &#8211; Herr Florian Mascarello &#8211; <a href=\"mailto:info@dechbettener-hof.de\">info@dechbettener-hof.de<\/a><br \/>\n<strong><a href=\"http:\/\/www.avia-hotel.de\/\" target=\"_blank\" rel=\"noopener\">Avia Hotel<\/a> <\/strong>&#8211; Herr Kaap &#8211; <a href=\"mailto:info@avia-hotel.de\">info@avia-hotel.de<\/a><br \/>\n<strong><a href=\"http:\/\/www.muenchner-hof.de\/\" target=\"_blank\" rel=\"noopener\">Hotel M\u00fcnchner Hof und Blauer Turm<\/a><\/strong> &#8211; Frau Kathrin Fuchshuber &#8211; <a href=\"mailto:marketing@muenchner-hof.de\">marketing@muenchner-hof.de<\/a><br \/>\n<strong><a href=\"http:\/\/www.orphee.de\/\" target=\"_blank\" rel=\"noopener\">Hotel Orph\u00e9e<\/a><\/strong> &#8211; Frau Annette Ebmeier &#8211; <a href=\"mailto:info@hotel-orphee.de\">info@hotel-orphee.de<\/a><br \/>\n<strong><a href=\"http:\/\/www.ibis.com\/\" target=\"_blank\" rel=\"noopener\">Ibis Styles Regensburg<\/a><\/strong> &#8211; Herr Prodromos Hatzifotiou &#8211; <a href=\"mailto:H9067-gm@accor.com\">H9067-gm@accor.com<\/a><\/p>\n<p><strong><img loading=\"lazy\" title=\"Hotelfachfrau\/-mann\" src=\"http:\/\/www.hotels-in-regensburg.com\/files\/portal\/teaser\/job_hotelfach.jpg\" alt=\"Hotelfachfrau\/-mann\" width=\"200\" height=\"209\" \/><\/strong><\/p>\n<p><strong>Ausbildungsvoraussetzungen:<\/strong><br \/>\n&#8211; Hauptschulabschluss, Mittlere Reife, Abitur oder<br \/>\nAbschluss der Fachoberschule<br \/>\n&#8211; Teamf\u00e4higkeit<br \/>\n&#8211; gute Umgangsformen<br \/>\n&#8211; Spa\u00df an Kommunikation<br \/>\n&#8211; Eigeninitiative<br \/>\n&#8211; gute Englischkenntnisse<\/p>\n<p><strong>Ausbildungsinhalte:<\/strong><br \/>\n&#8211; Vorbereitung der Gastr\u00e4ume\/Zimmer und<br \/>\nKontrolle der Servicestandards<br \/>\n&#8211; Empfang und Betreuung der G\u00e4ste<br \/>\n&#8211; Speisen und Getr\u00e4nke servieren<br \/>\n&#8211; Eigenverantwortliches F\u00fchren der Hotelkasse und Abrechnung bei den G\u00e4sten<br \/>\n&#8211; Planung und Durchf\u00fchrung von Events<br \/>\n&#8211; F\u00fchren von Verkaufsgespr\u00e4chen und anschlie\u00dfende Angebotserstellung<br \/>\n&#8211; Weitere Einsatzgebiete sind das Lager und die Warenwirtschaft sowie die Korrespondenz mit den G\u00e4sten<br \/>\n&#8211; Tagungsmanagement<\/p>\n<p>Als Hotelfachmann\/-frau arbeitesn Sie am Empfang, im Housekeeping (Etage), in der Reservierung, im Verkauf, im Service oder in der Veranstaltungsabteilung (Bankett).<\/p>\n<p>Neben der Organisation von kleinen und gro\u00dfen Veranstaltungen und Events, sind Sie f\u00fcr den Empfang und die Betreuung der G\u00e4ste zust\u00e4ndig, f\u00fchren Warenbestellung und Abrechnungen und sind dar\u00fcber hinaus ein Gastgeber durch und durch. Da Sie alle Abteilungen durchlaufen werden k\u00f6nnen Sie sich mit diesem umfassenden Wissen nach Ihrer Ausbildung entscheiden, in welcher Abteilung Sie die Karriereleiter hinaufsteigen m\u00f6chten.<\/p>\n            <\/div>        <\/div>    <\/div><\/section>\n<section class=\"av_toggle_section\"  itemscope=\"itemscope\" itemtype=\"https:\/\/schema.org\/CreativeWork\"  >    <div role=\"tablist\" class=\"single_toggle\" data-tags=\"{All} \"  >        <p data-fake-id=\"#toggle-id-2\" class=\"toggler \"  itemprop=\"headline\"    role=\"tab\" tabindex=\"0\" aria-controls=\"toggle-id-2\">Ausbildungsberuf Restaurantfachfrau \/-mann<span class=\"toggle_icon\" >        <span class=\"vert_icon\"><\/span><span class=\"hor_icon\"><\/span><\/span><\/p>        <div id=\"toggle-id-2\" class=\"toggle_wrap \"   >            <div class=\"toggle_content invers-color \"  itemprop=\"text\"   ><p>Der Gast ist K\u00f6nig \u2013 dieser Spruch wird Sie sicherlich Ihre gesamte Karriere \u00fcber innerhalb der Gastronomie begleiten.<\/p>\n<p><strong>Diese Betriebe suchen Dich:<\/strong><\/p>\n<p><strong><a href=\"http:\/\/www.atrium-regensburg.de\/\" target=\"_blank\" rel=\"noopener\">Atrium im Park Hotel Regensburg<\/a><\/strong> &#8211; Herr Ralf Leidner &#8211; <a href=\"mailto:direktion@atrium-regensburg.de\">direktion@atrium-regensburg.de<br \/>\n<\/a><strong><a href=\"http:\/\/www.sorat-hotels.com\/\" target=\"_blank\" rel=\"noopener\">Sorat Insel Hotel<\/a><\/strong> &#8211; Frau Tanja Sch\u00e4fer &#8211; <a href=\"mailto:t.schaefer@sorat-hotels.com\">t.schaefer@sorat-hotels.com<\/a><br \/>\n<strong><a href=\"http:\/\/www.avia-hotel.de\/\" target=\"_blank\" rel=\"noopener\">Avia Hotel<\/a> <\/strong>&#8211; Herr Kaap &#8211; <a href=\"mailto:info@avia-hotel.de\" target=\"_blank\" rel=\"noopener\">info@avia-hotel.de<\/a><br \/>\n<strong><a href=\"http:\/\/www.gastro-deutsch.de\/\" target=\"_blank\" rel=\"noopener\">Deutsch Gastro Betriebe GmbH &amp; Co. KG<\/a><\/strong> &#8211; Frau Katrin Brandl &#8211; <a href=\"mailto:personal@gastro-deutsch.de\">personal@gastro-deutsch.de<\/a><\/p>\n<p><strong><img loading=\"lazy\" title=\"Restaurantfachfrau\/-mann\" src=\"http:\/\/www.hotels-in-regensburg.com\/files\/portal\/teaser\/job_restaurant.jpg\" alt=\"Restaurantfachfrau\/-mann\" width=\"200\" height=\"374\" \/><\/strong><\/p>\n<p><strong>Ausbildungsvoraussetzungen:<\/strong><br \/>\n&#8211; Hauptschulabschluss, Mittlere Reife, Abitur oder<br \/>\nAbschluss der Fachoberschule<br \/>\n&#8211; Spa\u00df am Organisieren und Verkaufen<br \/>\n&#8211; Teamplayer mit kommunikativen St\u00e4rken<br \/>\n&#8211; Serviceorientierte Arbeitsweise und gute Umgangsformen<br \/>\n&#8211; Einsatzbereitschaft und Flexibilit\u00e4t<\/p>\n<p><strong>Ausbildungsinhalte:<\/strong><br \/>\n&#8211; Gastgeberfunktionen wahrnehmen<br \/>\n&#8211; Vorbereitung des Gastraums<br \/>\n&#8211; Organisation der Abl\u00e4ufe<br \/>\n&#8211; Servieren von Speisen und Getr\u00e4nke<br \/>\n&#8211; Planung und Durchf\u00fchrung von Veranstaltungen<br \/>\n&#8211; Beratung der G\u00e4ste und Erstellung von Angeboten<br \/>\n&#8211; Service-, Speisen- und Getr\u00e4nkekunde<br \/>\n&#8211; F\u00fchrung des Kassensystems<\/p>\n<p>Restaurantfachleute bedienen und betreuen G\u00e4ste, arbeiten im Restaurant, am Buffet und in der Bar, k\u00f6nnen aber auch ein Teammitglied in einem Hotelbetrieb sein. Sie begr\u00fc\u00dfen und beraten die G\u00e4ste, servieren ihnen Getr\u00e4nke und Speisen. Die Planung und Ausrichtung von Veranstaltungen, Tagungen und Festlichkeiten ist ein weiterer Schwerpunkt Ihres abwechslungsreichen Berufes. Mit der Zeit kannst du dich weiterentwickeln und deine Karriere schlie\u00dflich als Restaurantleiter fortsetzen oder in der Selbstst\u00e4ndigkeit ein eigenes Restaurant f\u00fchren.<\/p>\n            <\/div>        <\/div>    <\/div><\/section>\n<section class=\"av_toggle_section\"  itemscope=\"itemscope\" itemtype=\"https:\/\/schema.org\/CreativeWork\"  >    <div role=\"tablist\" class=\"single_toggle\" data-tags=\"{All} \"  >        <p data-fake-id=\"#toggle-id-3\" class=\"toggler \"  itemprop=\"headline\"    role=\"tab\" tabindex=\"0\" aria-controls=\"toggle-id-3\">Ausbildungsberuf K\u00f6chin \/ Koch<span class=\"toggle_icon\" >        <span class=\"vert_icon\"><\/span><span class=\"hor_icon\"><\/span><\/span><\/p>        <div id=\"toggle-id-3\" class=\"toggle_wrap \"   >            <div class=\"toggle_content invers-color \"  itemprop=\"text\"   ><p>Sie haben Spa\u00df an der Zubereitung von leckeren Gerichten und lieben gutes Essen? Dann sollten Sie sich \u00fcberlegen, ob Sie Ihr Hobby mit einer Ausbildung in der K\u00fcche zum Beruf machen.<\/p>\n<p><strong>Diese Betriebe suchen Dich:<\/strong><br \/>\n<strong><a href=\"http:\/\/www.atrium-regensburg.de\/\" target=\"_blank\" rel=\"noopener\">Atrium im Park Hotel Regensburg<\/a><\/strong> &#8211; Herr Ralf Leidner &#8211; <a href=\"mailto:direktion@atrium-regensburg.de\">direktion@atrium-regensburg.de<br \/>\n<\/a><strong><a href=\"http:\/\/www.sorat-hotels.com\/\" target=\"_blank\" rel=\"noopener\">Sorat Insel Hotel<\/a> <\/strong>&#8211; Frau Tanja Sch\u00e4fer &#8211; <a href=\"mailto:t.schaefer@sorat-hotels.com\">t.schaefer@sorat-hotels.com<\/a><br \/>\n<strong><a href=\"http:\/\/www.dechbettener-hof.de\/\" target=\"_blank\" rel=\"noopener\">Dechbettener Hof<\/a><\/strong> &#8211; Herr Florian Mascarello &#8211; <a href=\"mailto:info@dechbettener-hof.de\">info@dechbettener-hof.de<br \/>\n<\/a><strong><a href=\"http:\/\/www.gastro-deutsch.de\/\" target=\"_blank\" rel=\"noopener\">Deutsch Gastro Betriebe GmbH &amp; Co. KG<\/a><\/strong> &#8211; Frau Katrin Brandl &#8211; <a href=\"mailto:personal@gastro-deutsch.de\">personal@gastro-deutsch.de<\/a><br \/>\n<strong><a href=\"http:\/\/www.avia-hotel.de\/\" target=\"_blank\" rel=\"noopener\">Avia Hotel<\/a> <\/strong>&#8211; Herr Kaap &#8211; <a href=\"mailto:info@avia-hotel.de\" target=\"_blank\" rel=\"noopener\">info@avia-hotel.de<\/a><\/p>\n<p><strong><img loading=\"lazy\" title=\"Koch \/ K\u00f6chin\" src=\"http:\/\/www.hotels-in-regensburg.com\/files\/portal\/teaser\/job_koch.jpg\" alt=\"Koch \/ K\u00f6chin\" width=\"200\" height=\"305\" \/><\/strong><\/p>\n<p><strong>Ausbildungsvoraussetzungen:<\/strong><br \/>\n&#8211; Hauptschulabschluss, Mittlere Reife, Abitur oder<br \/>\nAbschluss der Fachoberschule<br \/>\n&#8211; Handwerkliches Geschick und Kreativit\u00e4t<br \/>\n&#8211; Schnelle und situationsbezogene Auffassungsgabe<br \/>\n&#8211; Offen f\u00fcr Neues<br \/>\n&#8211; Teamplayer<br \/>\n&#8211; Gutes kalkulatorisches Verst\u00e4ndnis<\/p>\n<p><strong>Ausbildungsinhalte:<\/strong><br \/>\n&#8211; Zubereitung von Speisen<br \/>\n&#8211; Erlernen von k\u00fcchentechnischen Verfahren,<br \/>\nz.B verschiedenen Garmethoden<br \/>\n&#8211; Produktpr\u00e4sentation im Gastraum<br \/>\n&#8211; Vorbereitende Arbeiten im Service und G\u00e4stebetreuung<br \/>\n&#8211; Hygienevorschriften beachten<br \/>\n&#8211; Kostenkontrolle, Warenwirtschaft und K\u00fcchenorganisation<\/p>\n<p>Als Koch\/K\u00f6chin bist du nicht nur f\u00fcr die Herstellung von Speisen zust\u00e4ndig, sondern verantwortest auch die Kalkulation und Organisation von Men\u00fcfolgen und Speisekarten. Handwerkliches Geschick und k\u00fcchentechnisches Wissen bilden daher die Grundlage f\u00fcr diesen Beruf.<\/p>\n<p>Je nachdem auf welcher Karrierestufe du dich gerade befindest, \u00fcbernimmst du die Verantwortung f\u00fcr einen bestimmten Bereich in der K\u00fcche. Der Gardemanger sorgt beispielsweise daf\u00fcr, dass die kalten Speisen rechtzeitig fertig werden und dem Gast serviert werden k\u00f6nnen. Der P\u00e4tissier k\u00fcmmert sich schlie\u00dflich um die S\u00fc\u00dfspeisen zum Dessert. Neben der Zubereitung f\u00fchrst du aber auch um die Lagerhaltung, Bestellungen oder G\u00e4steberatungen durch. An der Spitze der K\u00fcchenbrigade steht der K\u00fcchenchef und kontrolliert und koordiniert die Arbeitsabl\u00e4ufe.<\/p>\n            <\/div>        <\/div>    <\/div><\/section>\n<section class=\"av_toggle_section\"  itemscope=\"itemscope\" itemtype=\"https:\/\/schema.org\/CreativeWork\"  >    <div role=\"tablist\" class=\"single_toggle\" data-tags=\"{All} \"  >        <p data-fake-id=\"#toggle-id-4\" class=\"toggler \"  itemprop=\"headline\"    role=\"tab\" tabindex=\"0\" aria-controls=\"toggle-id-4\">Veranstaltungskauffrau \/ -kaufmann<span class=\"toggle_icon\" >        <span class=\"vert_icon\"><\/span><span class=\"hor_icon\"><\/span><\/span><\/p>        <div id=\"toggle-id-4\" class=\"toggle_wrap \"   >            <div class=\"toggle_content invers-color \"  itemprop=\"text\"   ><p><strong>Ausbildungsvoraussetzungen:<\/strong><br \/>\n&#8211; Hauptschulabschluss, Mittlere Reife, Abitur oder Abschluss der Fachoberschule<br \/>\n&#8211; Spa\u00df am Organisieren und Verkaufen<br \/>\n&#8211; Teamplayer mit kommunikativen St\u00e4rken<br \/>\n&#8211; Serviceorientierte Arbeitsweise und gute Umgangsformen<br \/>\n&#8211; Einsatzbereitschaft und Flexibilit\u00e4t<br \/>\n&#8211; F\u00fchrerschein Klasse B<\/p>\n<p><strong>Ausbildungsinhalte:<\/strong><br \/>\n&#8211; Gastgeberfunktionen wahrnehmen<br \/>\n&#8211; Vorbereitung des Gastraums<br \/>\n&#8211; Organisation der Abl\u00e4ufe<br \/>\n&#8211; Planung und Durchf\u00fchrung von Veranstaltungen<br \/>\n&#8211; Beratung der G\u00e4ste und Erstellung von Angeboten<\/p>\n<p>Bewerben Sie sich bitte unter:<\/p>\n<p>Veranstaltungsservice Ponkratz GmbH<br \/>\nFrau Katrin Brandl<br \/>\n<a href=\"mailto:personal@gastro-deutsch.de\">personal@gastro-deutsch.de<\/a><br \/>\n<a href=\"http:\/\/www.gastro-deutsch.de\/\" target=\"_blank\" rel=\"noopener\">www.gastro-deutsch.de<\/a><\/p>\n            <\/div>        <\/div>    <\/div><\/section>\n<section class=\"av_toggle_section\"  itemscope=\"itemscope\" itemtype=\"https:\/\/schema.org\/CreativeWork\"  >    <div role=\"tablist\" class=\"single_toggle\" data-tags=\"{All} \"  >        <p data-fake-id=\"#toggle-id-5\" class=\"toggler \"  itemprop=\"headline\"    role=\"tab\" tabindex=\"0\" aria-controls=\"toggle-id-5\">Hotelfachmann\/-frau<span class=\"toggle_icon\" >        <span class=\"vert_icon\"><\/span><span class=\"hor_icon\"><\/span><\/span><\/p>        <div id=\"toggle-id-5\" class=\"toggle_wrap \"   >            <div class=\"toggle_content invers-color \"  itemprop=\"text\"   ><p>Folgende Hotels suchen Mitarbeiter im Bereich Hotelfachmann\/-frau<\/p>\n<p><strong>Mercure <\/strong> &#8211; <a href=\"https:\/\/www.accorhotels.com\/de\/hotel-6639-mercure-hotel-regensburg\/index.shtml\" target=\"_blank\" rel=\"noopener\">Zur Website<\/a><\/p>\n            <\/div>        <\/div>    <\/div><\/section>\n<section class=\"av_toggle_section\"  itemscope=\"itemscope\" itemtype=\"https:\/\/schema.org\/CreativeWork\"  >    <div role=\"tablist\" class=\"single_toggle\" data-tags=\"{All} \"  >        <p data-fake-id=\"#toggle-id-6\" class=\"toggler \"  itemprop=\"headline\"    role=\"tab\" tabindex=\"0\" aria-controls=\"toggle-id-6\">Empfangsmitarbeiter\/-in <span class=\"toggle_icon\" >        <span class=\"vert_icon\"><\/span><span class=\"hor_icon\"><\/span><\/span><\/p>        <div id=\"toggle-id-6\" class=\"toggle_wrap \"   >            <div class=\"toggle_content invers-color \"  itemprop=\"text\"   ><p>Folgende Hotels suchen Mitarbeiter im Bereich Empfang<\/p>\n<p><strong>Hotel Mercure <\/strong> &#8211; <a href=\"https:\/\/www.accorhotels.com\/de\/hotel-6639-mercure-hotel-regensburg\/index.shtml\" target=\"_blank\" rel=\"noopener\">Zur Website<\/a><\/p>\n<p><strong>Hotel Apollo &#8211;<\/strong> <a href=\"https:\/\/www.hotelapollo.de\/\" target=\"_blank\" rel=\"noopener\">Sp\u00e4td<\/a><a href=\"https:\/\/www.hotelapollo.de\/\" target=\"_blank\" rel=\"noopener\">ienst<\/a><strong><a href=\"https:\/\/www.hotelapollo.de\/\" target=\"_blank\" rel=\"noopener\">\u00a0<\/a><\/strong><\/p>\n            <\/div>        <\/div>    <\/div><\/section>\n<\/div>\n\n","protected":false},"excerpt":{"rendered":"","protected":false},"author":1,"featured_media":0,"parent":0,"menu_order":0,"comment_status":"closed","ping_status":"closed","template":"","meta":{"_links_to":"","_links_to_target":""},"_links":{"self":[{"href":"https:\/\/hotels-in-regensburg.com\/en\/wp-json\/wp\/v2\/pages\/3703"}],"collection":[{"href":"https:\/\/hotels-in-regensburg.com\/en\/wp-json\/wp\/v2\/pages"}],"about":[{"href":"https:\/\/hotels-in-regensburg.com\/en\/wp-json\/wp\/v2\/types\/page"}],"author":[{"embeddable":true,"href":"https:\/\/hotels-in-regensburg.com\/en\/wp-json\/wp\/v2\/users\/1"}],"replies":[{"embeddable":true,"href":"https:\/\/hotels-in-regensburg.com\/en\/wp-json\/wp\/v2\/comments?post=3703"}],"version-history":[{"count":2,"href":"https:\/\/hotels-in-regensburg.com\/en\/wp-json\/wp\/v2\/pages\/3703\/revisions"}],"predecessor-version":[{"id":3705,"href":"https:\/\/hotels-in-regensburg.com\/en\/wp-json\/wp\/v2\/pages\/3703\/revisions\/3705"}],"wp:attachment":[{"href":"https:\/\/hotels-in-regensburg.com\/en\/wp-json\/wp\/v2\/media?parent=3703"}],"curies":[{"name":"wp","href":"https:\/\/api.w.org\/{rel}","templated":true}]}}