{"id":3707,"date":"2017-08-17T11:50:25","date_gmt":"2017-08-17T09:50:25","guid":{"rendered":"https:\/\/hotels-in-regensburg.com\/?page_id=3707"},"modified":"2017-08-21T16:48:56","modified_gmt":"2017-08-21T14:48:56","slug":"arrangements","status":"publish","type":"page","link":"https:\/\/hotels-in-regensburg.com\/en\/arrangements","title":{"rendered":"Arrangements"},"content":{"rendered":"<div id='av_section_1'  class='avia-section main_color avia-section-default avia-no-shadow  avia-bg-style-scroll  avia-builder-el-0  el_before_av_section  avia-builder-el-first  egtion1  container_wrap fullsize' style=' '  ><div class='container' ><main  role=\"main\" itemprop=\"mainContentOfPage\"  class='template-page content  av-content-full alpha units'><div class='post-entry post-entry-type-page post-entry-3707'><div class='entry-content-wrapper clearfix'>\n<\/div><\/div><\/main><!-- close content main element --><\/div><\/div><div id='av_section_2'  class='avia-section main_color avia-section-small avia-no-border-styling  avia-bg-style-scroll  avia-builder-el-1  el_after_av_section  el_before_av_section   container_wrap fullsize' style=' '  ><div class='container' ><div class='template-page content  av-content-full alpha units'><div class='post-entry post-entry-type-page post-entry-3707'><div class='entry-content-wrapper clearfix'>\n<div class=\"flex_column av_one_full  flex_column_div first  avia-builder-el-2  avia-builder-el-no-sibling  \" style='padding:1% 0px 0px 0px ; border-radius:0px; '><section class=\"av_textblock_section \"  itemscope=\"itemscope\" itemtype=\"https:\/\/schema.org\/CreativeWork\" ><div class='avia_textblock  '   itemprop=\"text\" ><h1>Our Arrangements<\/h1>\n<p>Choose one of the great offers, from &#8220;Happy Sunday\u201c, \u201eSee the City from above&#8221; or &#8220;Become a contemporary witness with STADTMAUS\u201c, to \u201eDiscover Regensburg\u201c.<br \/>\nMake your choice between about 45 arrangements in 38 hotels. We are sure you\u00b4ll find the perfect one for you. We linked directly to the respective pages of the hotels to offer you a good overview.\u00a0 Enjoy!<\/p>\n<\/div><\/section><\/div>\n\n<\/div><\/div><\/div><!-- close content main div --><\/div><\/div><div id='av_section_3'  class='avia-section main_color avia-section-small avia-no-border-styling  avia-bg-style-scroll  avia-builder-el-4  el_after_av_section  el_before_av_section  arranga  container_wrap fullsize' style=' '  ><div class='container' ><div class='template-page content  av-content-full alpha units'><div class='post-entry post-entry-type-page post-entry-3707'><div class='entry-content-wrapper clearfix'>\n<div class=\"flex_column av_one_third  flex_column_div first  avia-builder-el-5  el_before_av_two_third  avia-builder-el-first  \" style='padding:0px 0px 0px 0px ; border-radius:0px; '><div  class='avia-image-container  av-styling-    avia-builder-el-6  avia-builder-el-no-sibling  avia-align-left '  itemprop=\"image\" itemscope=\"itemscope\" itemtype=\"https:\/\/schema.org\/ImageObject\"  ><div class='avia-image-container-inner'><div class='avia-image-overlay-wrap'><img class='wp-image-2153 avia-img-lazy-loading-not-2153 avia_image' src='https:\/\/hotels-in-regensburg.com\/wp-content\/uploads\/2017\/07\/Blauer_Turm_3-495x400.jpg' alt='' title='Blauer_Turm_3' height=\"400\" width=\"495\"  itemprop=\"thumbnailUrl\"  \/><\/div><\/div><\/div><\/div><div class=\"flex_column av_two_third  flex_column_div   avia-builder-el-7  el_after_av_one_third  avia-builder-el-last  \" style='padding:1% 0px 0px 0px ; border-radius:0px; '><section class=\"av_textblock_section \"  itemscope=\"itemscope\" itemtype=\"https:\/\/schema.org\/CreativeWork\" ><div class='avia_textblock  '   itemprop=\"text\" ><p><span class=\"hotelname\">Hotel M\u00fcnchner Hof and Blauer Turm<\/span><\/p>\n<p>Every room tells its own story. From Gothic, Renaissance and Baroque. Our hotel is sited midst of the historic old town and provides the perfect starting point for city explorations.<\/p>\n<p><a href=\"http:\/\/www.muenchner-hof.de\/index.php\/kultur.html\">Choose your arrangement from 2 to 4 days here.<\/a><\/p>\n<\/div><\/section><\/div><\/div><\/div><\/div><!-- close content main div --><\/div><\/div><div id='av_section_4'  class='avia-section main_color avia-section-small avia-no-border-styling  avia-bg-style-scroll  avia-builder-el-9  el_after_av_section  el_before_av_section  arranga  container_wrap fullsize' style=' '  ><div class='container' ><div class='template-page content  av-content-full alpha units'><div class='post-entry post-entry-type-page post-entry-3707'><div class='entry-content-wrapper clearfix'>\n<div class=\"flex_column av_one_third  flex_column_div first  avia-builder-el-10  el_before_av_two_third  avia-builder-el-first  \" style='padding:0px 0px 0px 0px ; border-radius:0px; '><div  class='avia-image-container  av-styling-    avia-builder-el-11  avia-builder-el-no-sibling  avia-align-left '  itemprop=\"image\" itemscope=\"itemscope\" itemtype=\"https:\/\/schema.org\/ImageObject\"  ><div class='avia-image-container-inner'><div class='avia-image-overlay-wrap'><img class='wp-image-2827 avia-img-lazy-loading-not-2827 avia_image' src='https:\/\/hotels-in-regensburg.com\/wp-content\/uploads\/2017\/07\/Goetzfried-495x400.png' alt='' title='Goetzfried' height=\"400\" width=\"495\"  itemprop=\"thumbnailUrl\"  \/><\/div><\/div><\/div><\/div><div class=\"flex_column av_two_third  flex_column_div   avia-builder-el-12  el_after_av_one_third  avia-builder-el-last  \" style='padding:1% 0px 0px 0px ; border-radius:0px; '><section class=\"av_textblock_section \"  itemscope=\"itemscope\" itemtype=\"https:\/\/schema.org\/CreativeWork\" ><div class='avia_textblock  '   itemprop=\"text\" ><p><span class=\"hotelname\">Hotel G\u00f6tzfried<br \/>\n<\/span><\/p>\n<p>Located close to the center of Regensburg, our hotel combines wellness, culture, nature and business in a unique form. Our spa area with saunas, steam baths and a whirlpool offers the perfect conclusion to a successful working day.<\/p>\n<p>We offer different arrangements to fit your requirements perfectly.<\/p>\n<p><a href=\"http:\/\/www.atrium-regensburg.de\/arrangements\/\">Choose here from our various offer of arrangements<\/a><\/p>\n<\/div><\/section><\/div>\n<\/p>\n<\/div><\/div><\/div><!-- close content main div --><\/div><\/div><div id='av_section_5'  class='avia-section main_color avia-section-small avia-no-border-styling  avia-bg-style-scroll  avia-builder-el-14  el_after_av_section  el_before_av_section  arranga  container_wrap fullsize' style=' '  ><div class='container' ><div class='template-page content  av-content-full alpha units'><div class='post-entry post-entry-type-page post-entry-3707'><div class='entry-content-wrapper clearfix'>\n<div class=\"flex_column av_one_third  flex_column_div first  avia-builder-el-15  el_before_av_two_third  avia-builder-el-first  \" style='padding:0px 0px 0px 0px ; border-radius:0px; '><div  class='avia-image-container  av-styling-    avia-builder-el-16  avia-builder-el-no-sibling  avia-align-left '  itemprop=\"image\" itemscope=\"itemscope\" itemtype=\"https:\/\/schema.org\/ImageObject\"  ><div class='avia-image-container-inner'><div class='avia-image-overlay-wrap'><img class='wp-image-2807 avia-img-lazy-loading-not-2807 avia_image' src='https:\/\/hotels-in-regensburg.com\/wp-content\/uploads\/2017\/07\/Altstadthotel-Arch-495x400.jpg' alt='' title='Altstadthotel-Arch' height=\"400\" width=\"495\"  itemprop=\"thumbnailUrl\"  \/><\/div><\/div><\/div><\/div><div class=\"flex_column av_two_third  flex_column_div   avia-builder-el-17  el_after_av_one_third  avia-builder-el-last  \" style='padding:1% 0px 0px 0px ; border-radius:0px; '><section class=\"av_textblock_section \"  itemscope=\"itemscope\" itemtype=\"https:\/\/schema.org\/CreativeWork\" ><div class='avia_textblock  '   itemprop=\"text\" ><p><span class=\"hotelname\">Altstadthotel Arch<\/span><\/p>\n<p>Experience the liaison of history and modernity! Our ideal position in the heart of the old town and on the most beautiful place\u00a0 of the town makes it easy to reach all the sights in only a few minutes walk and to enjoy the extraordinary flair of the old town.<\/p>\n<p><a href=\"http:\/\/bit.ly\/2tThK2T\">Visit our Website to view our exclusive offers.\u00a0<\/a><\/p>\n<\/div><\/section><\/div>\n\n<\/div><\/div><\/div><!-- close content main div --><\/div><\/div><div id='av_section_6'  class='avia-section main_color avia-section-small avia-no-border-styling  avia-bg-style-scroll  avia-builder-el-19  el_after_av_section  el_before_av_section  arranga  container_wrap fullsize' style=' '  ><div class='container' ><div class='template-page content  av-content-full alpha units'><div class='post-entry post-entry-type-page post-entry-3707'><div class='entry-content-wrapper clearfix'>\n<div class=\"flex_column av_one_third  flex_column_div first  avia-builder-el-20  el_before_av_two_third  avia-builder-el-first  \" style='padding:0px 0px 0px 0px ; border-radius:0px; '><div  class='avia-image-container  av-styling-    avia-builder-el-21  avia-builder-el-no-sibling  avia-align-left '  itemprop=\"image\" itemscope=\"itemscope\" itemtype=\"https:\/\/schema.org\/ImageObject\"  ><div class='avia-image-container-inner'><div class='avia-image-overlay-wrap'><img class='wp-image-2823 avia-img-lazy-loading-not-2823 avia_image' src='https:\/\/hotels-in-regensburg.com\/wp-content\/uploads\/2017\/07\/Apollo-495x399.png' alt='' title='Apollo' height=\"399\" width=\"495\"  itemprop=\"thumbnailUrl\"  \/><\/div><\/div><\/div><\/div><div class=\"flex_column av_two_third  flex_column_div   avia-builder-el-22  el_after_av_one_third  avia-builder-el-last  \" style='padding:1% 0px 0px 0px ; border-radius:0px; '><section class=\"av_textblock_section \"  itemscope=\"itemscope\" itemtype=\"https:\/\/schema.org\/CreativeWork\" ><div class='avia_textblock  '   itemprop=\"text\" ><p><span class=\"hotelname\">Hotel Apollo<\/span><\/p>\n<p>We invite you to discover the most important highlights of Regensburg, to dine comfortably in our hotel restaurant and to relax poolside in our wellness area with our carefully assembled package deals.<\/p>\n<p>Nestled away from the busy city centre, find some re-energising sleep in a calm residential street in the\u00a0Southside\u00a0of town near the universities. Easy access is guaranteed with the local public bus services n\u00ba 2 and\u00a0n\u00ba 6 which are only 300 meter and 600 meters\u00a0respectively\u00a0from the hotel.<\/p>\n<p>Every guest is\u00a0dearly looked after with\u00a0personalised service in our family-run hotel. We are looking forward to welcoming\u00a0you soon!<\/p>\n<p><a href=\"http:\/\/bit.ly\/2up9prw\" target=\"_blank\" rel=\"noopener\">Please choose from our many packages.<\/a><\/p>\n<\/div><\/section><\/div>\n\n<\/div><\/div><\/div><!-- close content main div --><\/div><\/div><div id='av_section_7'  class='avia-section main_color avia-section-small avia-no-border-styling  avia-bg-style-scroll  avia-builder-el-24  el_after_av_section  el_before_av_section  arranga  container_wrap fullsize' style=' '  ><div class='container' ><div class='template-page content  av-content-full alpha units'><div class='post-entry post-entry-type-page post-entry-3707'><div class='entry-content-wrapper clearfix'>\n<div class=\"flex_column av_one_third  flex_column_div first  avia-builder-el-25  el_before_av_two_third  avia-builder-el-first  \" style='padding:0px 0px 0px 0px ; border-radius:0px; '><div  class='avia-image-container  av-styling-    avia-builder-el-26  avia-builder-el-no-sibling  avia-align-left '  itemprop=\"image\" itemscope=\"itemscope\" itemtype=\"https:\/\/schema.org\/ImageObject\"  ><div class='avia-image-container-inner'><div class='avia-image-overlay-wrap'><img class='wp-image-2811 avia-img-lazy-loading-not-2811 avia_image' src='https:\/\/hotels-in-regensburg.com\/wp-content\/uploads\/2017\/07\/Atrium-495x400.jpg' alt='' title='Logieren im Atrium im Park Hotel Regensburg' height=\"400\" width=\"495\"  itemprop=\"thumbnailUrl\"  \/><\/div><\/div><\/div><\/div><div class=\"flex_column av_two_third  flex_column_div   avia-builder-el-27  el_after_av_one_third  avia-builder-el-last  \" style='padding:1% 0px 0px 0px ; border-radius:0px; '><section class=\"av_textblock_section \"  itemscope=\"itemscope\" itemtype=\"https:\/\/schema.org\/CreativeWork\" ><div class='avia_textblock  '   itemprop=\"text\" ><p><span class=\"hotelname\">Atrium im Park<\/span><\/p>\n<p>Be enchanted! For special occasions \u2013 we offer special deals : whether for Christmas, Easter, in summer or autumn \u2013 for every season we provide exceptional arrangements for you!<\/p>\n<p>Stay in the Atrium im Park Hotel and experience Regensburg!<\/p>\n<p><a href=\"http:\/\/www.atrium-regensburg.de\/arrangements\/\">Choose from our various offer of arrangements:<\/a><\/p>\n<\/div><\/section><\/div>\n\n<\/div><\/div><\/div><!-- close content main div --><\/div><\/div><div id='av_section_8'  class='avia-section main_color avia-section-small avia-no-border-styling  avia-bg-style-scroll  avia-builder-el-29  el_after_av_section  el_before_av_section  arranga  container_wrap fullsize' style=' '  ><div class='container' ><div class='template-page content  av-content-full alpha units'><div class='post-entry post-entry-type-page post-entry-3707'><div class='entry-content-wrapper clearfix'>\n<div class=\"flex_column av_one_third  flex_column_div first  avia-builder-el-30  el_before_av_two_third  avia-builder-el-first  \" style='padding:0px 0px 0px 0px ; border-radius:0px; '><div  class='avia-image-container  av-styling-    avia-builder-el-31  avia-builder-el-no-sibling  avia-align-left '  itemprop=\"image\" itemscope=\"itemscope\" itemtype=\"https:\/\/schema.org\/ImageObject\"  ><div class='avia-image-container-inner'><div class='avia-image-overlay-wrap'><img class='wp-image-2813 avia-img-lazy-loading-not-2813 avia_image' src='https:\/\/hotels-in-regensburg.com\/wp-content\/uploads\/2017\/07\/Avia_Hotel_Halle-495x400.jpg' alt='' title='Avia_Hotel_Halle' height=\"400\" width=\"495\"  itemprop=\"thumbnailUrl\"  \/><\/div><\/div><\/div><\/div><div class=\"flex_column av_two_third  flex_column_div   avia-builder-el-32  el_after_av_one_third  avia-builder-el-last  \" style='padding:1% 0px 0px 0px ; border-radius:0px; '><section class=\"av_textblock_section \"  itemscope=\"itemscope\" itemtype=\"https:\/\/schema.org\/CreativeWork\" ><div class='avia_textblock  '   itemprop=\"text\" ><p><span class=\"hotelname\">Avia Hotel<\/span><\/p>\n<p>Schon bei der Ankunft im AVIA-Hotel sp\u00fcren Sie, was es hei\u00dft, sich in einem inhabergef\u00fchrten Haus aufzuhalten. Die angenehme, famili\u00e4re Atmosph\u00e4re, der dezente, aufmerksame Service. Wir m\u00f6chten, dass Sie sich bei uns wohlf\u00fchlen. Kein Wunder, dass wir viele G\u00e4ste immer wieder begr\u00fc\u00dfen d\u00fcrfen.<\/p>\n<p><a href=\"http:\/\/bit.ly\/2uQ6mcm\" target=\"_blank\" rel=\"noopener\">Wir bieten Ihnen attraktive Wochenendpauschalen. <\/a><\/p>\n<\/div><\/section><\/div>\n\n<\/div><\/div><\/div><!-- close content main div --><\/div><\/div><div id='av_section_9'  class='avia-section main_color avia-section-small avia-no-border-styling  avia-bg-style-scroll  avia-builder-el-34  el_after_av_section  el_before_av_section  arranga  container_wrap fullsize' style=' '  ><div class='container' ><div class='template-page content  av-content-full alpha units'><div class='post-entry post-entry-type-page post-entry-3707'><div class='entry-content-wrapper clearfix'>\n<div class=\"flex_column av_one_third  flex_column_div first  avia-builder-el-35  el_before_av_two_third  avia-builder-el-first  \" style='padding:0px 0px 0px 0px ; border-radius:0px; '><div  class='avia-image-container  av-styling-    avia-builder-el-36  avia-builder-el-no-sibling  avia-align-left '  itemprop=\"image\" itemscope=\"itemscope\" itemtype=\"https:\/\/schema.org\/ImageObject\"  ><div class='avia-image-container-inner'><div class='avia-image-overlay-wrap'><img class='wp-image-2833 avia-img-lazy-loading-not-2833 avia_image' src='https:\/\/hotels-in-regensburg.com\/wp-content\/uploads\/2017\/07\/orphee_zimmer-495x400.png' alt='' title='orphee_zimmer' height=\"400\" width=\"495\"  itemprop=\"thumbnailUrl\"  \/><\/div><\/div><\/div><\/div><div class=\"flex_column av_two_third  flex_column_div   avia-builder-el-37  el_after_av_one_third  avia-builder-el-last  \" style='padding:1% 0px 0px 0px ; border-radius:0px; '><section class=\"av_textblock_section \"  itemscope=\"itemscope\" itemtype=\"https:\/\/schema.org\/CreativeWork\" ><div class='avia_textblock  '   itemprop=\"text\" ><p><span class=\"hotelname\">Orph\u00e9e<\/span><\/p>\n<p>Enjoy the historical town in our lavish baroque palazzo! We offer several packages for 1-3 days. Relax in one of our beautiful double rooms right in the middle of the medieval city center. More atmosphere, more repose, more Orph\u00e9e<\/p>\n<p><a href=\"https:\/\/hotel-orphee.de\/arrangements\">Click here for our special Arrangements<\/a>.<\/p>\n<\/div><\/section><\/div>\n\n<\/div><\/div><\/div><!-- close content main div --><\/div><\/div><div id='av_section_10'  class='avia-section main_color avia-section-small avia-no-border-styling  avia-bg-style-scroll  avia-builder-el-39  el_after_av_section  el_before_av_section  arranga  container_wrap fullsize' style=' '  ><div class='container' ><div class='template-page content  av-content-full alpha units'><div class='post-entry post-entry-type-page post-entry-3707'><div class='entry-content-wrapper clearfix'>\n<div class=\"flex_column av_one_third  flex_column_div first  avia-builder-el-40  el_before_av_two_third  avia-builder-el-first  \" style='padding:0px 0px 0px 0px ; border-radius:0px; '><div  class='avia-image-container  av-styling-    avia-builder-el-41  avia-builder-el-no-sibling  avia-align-left '  itemprop=\"image\" itemscope=\"itemscope\" itemtype=\"https:\/\/schema.org\/ImageObject\"  ><div class='avia-image-container-inner'><div class='avia-image-overlay-wrap'><img class='wp-image-2835 avia-img-lazy-loading-not-2835 avia_image' src='https:\/\/hotels-in-regensburg.com\/wp-content\/uploads\/2017\/07\/Sorat-495x400.png' alt='' title='Sorat' height=\"400\" width=\"495\"  itemprop=\"thumbnailUrl\"  \/><\/div><\/div><\/div><\/div><div class=\"flex_column av_two_third  flex_column_div   avia-builder-el-42  el_after_av_one_third  avia-builder-el-last  \" style='padding:1% 0px 0px 0px ; border-radius:0px; '><section class=\"av_textblock_section \"  itemscope=\"itemscope\" itemtype=\"https:\/\/schema.org\/CreativeWork\" ><div class='avia_textblock  '   itemprop=\"text\" ><p><span class=\"hotelname\">Sorat Insel-Hotel<\/span><\/p>\n<p><span style=\"font-family: Arial;\">Happiness on an islet in Regensburg. Enjoy a pleasant time-out from stressful everyday life on the banks of the Danube river. Our highlights: The unique position on the tiny Danube island, the elegant atmosphere at the hotel, an enchanting restaurant with Danube terrace and comfortable rooms as peaceful retreat areas. With special offers for discoverers or epicures.\u00a0<\/span><\/p>\n<p><a href=\"http:\/\/bit.ly\/2urOouq\" target=\"_blank\" rel=\"noopener\">Visit our Website to view our exclusive travel offers.<\/a><\/p>\n<\/div><\/section><\/div>\n\n<\/div><\/div><\/div><!-- close content main div --><\/div><\/div><div id='av_section_11'  class='avia-section main_color avia-section-small avia-no-border-styling  avia-bg-style-scroll  avia-builder-el-44  el_after_av_section  avia-builder-el-last  arranga  container_wrap fullsize' style=' '  ><div class='container' ><div class='template-page content  av-content-full alpha units'><div class='post-entry post-entry-type-page post-entry-3707'><div class='entry-content-wrapper clearfix'>\n<div class=\"flex_column av_one_third  flex_column_div first  avia-builder-el-45  el_before_av_two_third  avia-builder-el-first  \" style='padding:0px 0px 0px 0px ; border-radius:0px; '><div  class='avia-image-container  av-styling-    avia-builder-el-46  avia-builder-el-no-sibling  avia-align-left '  itemprop=\"image\" itemscope=\"itemscope\" itemtype=\"https:\/\/schema.org\/ImageObject\"  ><div class='avia-image-container-inner'><div class='avia-image-overlay-wrap'><img class='wp-image-2837 avia-img-lazy-loading-not-2837 avia_image' src='https:\/\/hotels-in-regensburg.com\/wp-content\/uploads\/2017\/07\/Hotel-St.Georg_-495x400.png' alt='' title='Hotel-St.Georg' height=\"400\" width=\"495\"  itemprop=\"thumbnailUrl\"  \/><\/div><\/div><\/div><\/div><div class=\"flex_column av_two_third  flex_column_div   avia-builder-el-47  el_after_av_one_third  avia-builder-el-last  \" style='padding:1% 0px 0px 0px ; border-radius:0px; '><section class=\"av_textblock_section \"  itemscope=\"itemscope\" itemtype=\"https:\/\/schema.org\/CreativeWork\" ><div class='avia_textblock  '   itemprop=\"text\" ><p><span class=\"hotelname\">Hotel St. Georg<\/span><\/p>\n<p>Over the rooftops of Regensburgs and located in a quiet and traffic calmed region our long-established hotel offers the ideal start for your excursions. Our guests escpecially enjoy our cosy hospitableness and the familiar atmosphere.<\/p>\n<p><a href=\"http:\/\/www.hotelstgeorg.de\">Visit our Website to view our exclusive travel offers.\u00a0<\/a><\/p>\n<\/div><\/section><\/div>\n\n","protected":false},"excerpt":{"rendered":"","protected":false},"author":1,"featured_media":0,"parent":0,"menu_order":0,"comment_status":"closed","ping_status":"closed","template":"","meta":{"_links_to":"","_links_to_target":""},"_links":{"self":[{"href":"https:\/\/hotels-in-regensburg.com\/en\/wp-json\/wp\/v2\/pages\/3707"}],"collection":[{"href":"https:\/\/hotels-in-regensburg.com\/en\/wp-json\/wp\/v2\/pages"}],"about":[{"href":"https:\/\/hotels-in-regensburg.com\/en\/wp-json\/wp\/v2\/types\/page"}],"author":[{"embeddable":true,"href":"https:\/\/hotels-in-regensburg.com\/en\/wp-json\/wp\/v2\/users\/1"}],"replies":[{"embeddable":true,"href":"https:\/\/hotels-in-regensburg.com\/en\/wp-json\/wp\/v2\/comments?post=3707"}],"version-history":[{"count":9,"href":"https:\/\/hotels-in-regensburg.com\/en\/wp-json\/wp\/v2\/pages\/3707\/revisions"}],"predecessor-version":[{"id":3901,"href":"https:\/\/hotels-in-regensburg.com\/en\/wp-json\/wp\/v2\/pages\/3707\/revisions\/3901"}],"wp:attachment":[{"href":"https:\/\/hotels-in-regensburg.com\/en\/wp-json\/wp\/v2\/media?parent=3707"}],"curies":[{"name":"wp","href":"https:\/\/api.w.org\/{rel}","templated":true}]}}