{"id":3873,"date":"2017-08-21T13:11:28","date_gmt":"2017-08-21T11:11:28","guid":{"rendered":"https:\/\/hotels-in-regensburg.com\/?page_id=3873"},"modified":"2017-08-21T13:11:28","modified_gmt":"2017-08-21T11:11:28","slug":"terms","status":"publish","type":"page","link":"https:\/\/hotels-in-regensburg.com\/en\/terms","title":{"rendered":"Terms"},"content":{"rendered":"<div class=\"flex_column av_one_full  flex_column_div av-zero-column-padding first  avia-builder-el-0  avia-builder-el-no-sibling  \" style='border-radius:0px; '><section class=\"av_textblock_section \"  itemscope=\"itemscope\" itemtype=\"https:\/\/schema.org\/CreativeWork\" ><div class='avia_textblock  '   itemprop=\"text\" ><div id=\"container-inside\">\n<div id=\"main\">\n<div class=\"inside\">\n<div id=\"agb\" class=\"mod_article first last block\">\n<div class=\"ce_text first last block\">\n<h1>Allgemeine Gesch\u00e4ftsbedingungen<\/h1>\n<p>ALLGEMEINE NUTZUNGSBEDINGUNGEN f\u00fcr die Hotelreservierungs-Plattform www.hotels-in-regensburg.com des www.hotels-in-regensburg.com e.V.<\/p>\n<p>F\u00fcr Buchungen gelten jeweils die AGB&#8217;s der Hotels bei welchen die Buchung zustande kam.<\/p>\n<p>Dies sind die Allgemeinen Gesch\u00e4ftsbedingungen (AGB) des www.hotels-in-regensburg.com e.V., T\u00e4ndlergasse 9, 93047 Regensburg, Registernummer VR201026, E-mail: info@hotels-in-regensburg.com, Internet: http:\/\/www.hotels-in-regensburg.com, vertreten durch Kathrin Fuchshuber, Ralf Leidner, Annette Ebmeier, Elisabeth \u00dcst\u00fcn, Martin Knerr und Armin G\u00fcnther.<\/p>\n<p>Die Webseite (www.hotels-in-regensburg.com) ist eine Plattform, auf der die Nutzer Informationen \u00fcber \u00dcbernachtungsm\u00f6glichkeiten erhalten und selbst\u00e4ndig Hotelreservierungen Online vornehmen k\u00f6nnen.<\/p>\n<p>Die Nutzung des Hotel-Reservierungs-Systems von\u00a0www.hotels-in-regensburg.com e.V. erfolgt ausschlie\u00dflich auf der Grundlage dieser Allgemeinen Gesch\u00e4ftsbedingungen. Abweichende AGB der Nutzer erkennt\u00a0www.hotels-in-regensburg.com e.V. nicht an, auch wenn ihrer Geltung nicht ausdr\u00fccklich widersprochen wird.<\/p>\n<p>Durch das Anklicken des Feldes \u201eIch stimme zu\u201c akzeptiert der Nutzer die nachfolgenden AGB des www.hotels-in-regensburg.com e.V., um deren genaue Kenntnisnahme wir bitten.<\/p>\n<p>Sofern Sie mit der Geltung dieser AGB nicht einverstanden sind, k\u00f6nnen Sie von unserem Hotel-Reservierungs-System leider keinen Gebrauch machen. Wir bitten hierf\u00fcr um Ihr Verst\u00e4ndnis und bedanken uns f\u00fcr Ihr Interesse an unserem Internet-Auftritt.<\/p>\n<p>\u00a7 1 Leistungen von www.hotels-in-regensburg.com e.V.<\/p>\n<p>a) Die Webseite (www.hotels-in-regensburg.com) ist eine Plattform auf der die Nutzer Informationen f\u00fcr eine Hotelreservierung von Hotels erhalten und eine Hotelreservierung online selbst\u00e4ndig ausf\u00fchren k\u00f6nnen.<\/p>\n<p>b)\u00a0www.hotels-in-regensburg.com e.V. bietet selbst keine Informationen an und wird auch nicht Vertragspartner. Die Informationen auf der Webseite stammen ausschlie\u00dflich von den jeweiligen Hotels.\u00a0www.hotels-in-regensburg.com e.V. \u00fcberpr\u00fcft diese Informationen nicht auf Richtigkeit. Vielmehr stellt\u00a0www.hotels-in-regensburg.com e.V. nur die technischen Voraussetzungen f\u00fcr eine individuelle Reservierungsanfrage des Nutzers zur Verf\u00fcgung. Den Hotels wird es dabei erm\u00f6glicht, Informationen \u00fcber Zimmerangebote bei\u00a0www.hotels-in-regensburg.com e.V. zu pr\u00e4sentieren. Die Hotels werden dabei auf der Webseite von\u00a0www.hotels-in-regensburg.com e.V. mit \u201eSternen\u201c bewertet. Diese Bewertung und Klassifizierung basiert auf den \u00fcbermittelten Angaben des Hotels, die vom www.hotels-in-regensburg.com e.V. nicht auf Richtigkeit gepr\u00fcft werden.\u00a0www.hotels-in-regensburg.com e.V. haftet daher auch nicht f\u00fcr die Richtigkeit und Vollst\u00e4ndigkeit der Angaben des Hotels auf der Webseite.<\/p>\n<p>c)\u00a0www.hotels-in-regensburg.com e.V. selbst bietet keine Beherbergungsleistungen an, sondern erm\u00f6glicht \u00fcber das Online-Reservierungssystem lediglich den Abschluss eines Beherbergungsvertrages zwischen Nutzer und Hotel.\u00a0www.hotels-in-regensburg.com e.V. tritt dabei jeweils als Erkl\u00e4rungsbote der beiden Vertragsparteien auf. Die \u00fcber die Webseite geschlossenen Beherbergungsvertr\u00e4ge begr\u00fcnden Rechte und Pflichten nur zwischen dem Nutzer und dem jeweiligen Hotel; gleiches gilt f\u00fcr etwaige vor vertragliche Anspr\u00fcche.<\/p>\n<p>d) Ein Anspruch des Nutzers auf die Verf\u00fcgbarkeit der Webseite sowie des Hotelreservierungssystems besteht nicht. Aus technischen und betrieblichen Gr\u00fcnden sind zeitweilige Beschr\u00e4nkungen und Unterbrechungen der Nutzung des Online-Reservierungssystems m\u00f6glich.<\/p>\n<p>\u00a7 2 Nutzungsvoraussetzungen<\/p>\n<p>a) Die Nutzung der Webseite steht nur juristischen und unbeschr\u00e4nkt gesch\u00e4ftsf\u00e4higen nat\u00fcrlichen Personen zur Verf\u00fcgung. Die Serviceleistungen, die\u00a0www.hotels-in-regensburg.com e.V. \u00fcber die Hotelreservierungs Plattform anbietet, sind ausschlie\u00dflich f\u00fcr den pers\u00f6nlichen Bedarf des Nutzers bestimmt. Eine gewerbliche Nutzung der Informationen und Leistungen, insbesondere eine Weitervermittlung von Hotelzimmern, die \u00fcber das Online-Reservierungssystem reserviert werden, ist nicht gestattet.<\/p>\n<p>b) Dem Nutzer ist es untersagt, irgendwelche Ver\u00e4nderungen an der Webseite oder an der Software, die im Zusammenhang mit der Webseite stehen, vorzunehmen. Dem Nutzer ist es weiterhin untersagt, Ma\u00dfnahmen, die die Funktionalit\u00e4t der Webseite beeintr\u00e4chtigen k\u00f6nnen, durchzuf\u00fchren.<\/p>\n<p>c) Jegliche Wiedergabe, Vervielf\u00e4ltigungen oder sonstige Nutzungen der Texte oder Bilder im Ganzen oder in Teilen ist nur im Rahmen der gesetzlichen Bestimmungen zul\u00e4ssig.<\/p>\n<p>\u00a7 3 Buchungsvorgang<\/p>\n<p>a) Die vom Nutzer in das Reservierungsformular eingegebenen Daten werden vom www.hotels-in-regensburg.com e.V. als Erkl\u00e4rungsbote des Nutzers an das vom Nutzer ausgew\u00e4hlte Hotel weitergegeben. Sonderw\u00fcnsche des Nutzers (z.B. Raucher-\/Nichtraucherzimmer) werden entgegengenommen; ihre Ber\u00fccksichtigung im Rahmen der Reservierung kann aber nicht zugesichert werden. Der Nutzer erh\u00e4lt nach Eingabe der Reservierung durch den\u00a0www.hotels-in-regensburg.com e.V. automatisch per E-Mail eine Reservierungsbest\u00e4tigung des ausgesuchten Hotels \u00fcber einen E-Mail-Responder.\u00a0www.hotels-in-regensburg.com e.V. tritt dabei wiederum nur als Erkl\u00e4rungsbote des Hotels auf und \u00fcbermittelt die Annahmeerkl\u00e4rung des Hotels.<\/p>\n<p>b) Die Buchung erfolgt in einem einfachen Schritt<\/p>\n<p>I. Der Nutzer w\u00e4hlt in der Hotelliste das verf\u00fcgbare Hotel aus, das hinsichtlich Preis, Lage und Kategorie seinen Vorstellungen entspricht. Die Details des Hotels k\u00f6nnen als Fotos und Beschreibungen \u00fcber einen Klick auf den Hotelnamen aufgerufen werden. \u00dcber den Button \u201eJetzt buchen\u201c k\u00f6nnen alle relevanten Buchungsdaten eingegeben werden.<\/p>\n<p>IV. Der Nutzer sieht immer eine Gesamt\u00fcbersicht aller Informationen zu dem Buchungsvorgang (Anreise-, Abreisedatum, Zimmerpreis, Angaben zum Nutzer und Stornofristen). Mit dem Anklicken des Buttons \u201eJa, zahlungspflichtig buchen\u201c wird die Reservierung verbindlich abgesandt.<\/p>\n<p>c) Mit der Reservierungsbest\u00e4tigung des Hotels, die durch\u00a0www.hotels-in-regensburg.com e.V. \u00fcbermittelt wird, ist ein Beherbergungsvertrag unmittelbar zwischen dem Nutzer und dem von ihm ausgew\u00e4hlten Hotel zustande gekommen. Alle Rechte und Pflichten aus dem Beherbergungsvertrag gelten nur in dem Rechtsverh\u00e4ltnis der Vertragsparteien, also zwischen dem Nutzer und dem Hotel. Anspr\u00fcche aus dem Beherbergungsvertrag k\u00f6nnen nicht gegen\u00fcber\u00a0www.hotels-in-regensburg.com e.V. geltend gemacht werden.\u00a0www.hotels-in-regensburg.com e.V. tritt in keinerlei vorvertragliche Schuldverh\u00e4ltnisse mit dem Nutzer. Etwaige Anspr\u00fcche bestehen daher nur im Vertragsverh\u00e4ltnis zwischen Nutzer und Hotel.<\/p>\n<p>d) Der Nutzer ist verpflichtet, die Angaben in der Reservierungsbest\u00e4tigung unverz\u00fcglich zu \u00fcberpr\u00fcfen und ggf. Beanstandungen\u00a0www.hotels-in-regensburg.com e.V. schriftlich oder via E-Mail mitzuteilen. Weitere Unterlagen erh\u00e4lt der Nutzer \u00fcber\u00a0www.hotels-in-regensburg.com e.V. nicht. Die Abwicklung des Beherbergungsvertrages sowie die Abrechnungsformalit\u00e4ten erfolgen direkt vor Ort, zwischen Nutzer und Hotel.<\/p>\n<p>\u00a7 4 Reservierungsmodalit\u00e4ten<\/p>\n<p>a) Eine \u00fcber das Online-Buchungssystem von\u00a0www.hotels-in-regensburg.com e.V. get\u00e4tigte Reservierung unterliegt den Reservierungsbedingungen die das entsprechende Hotel hinterlegt hat.<\/p>\n<p>c) Alle bei\u00a0www.hotels-in-regensburg.com e.V. eingestellten Preise gelten pro Zimmer und Nacht und enthalten die gesetzlich vorgeschriebene Mehrwertsteuer. Sofern keine Fr\u00fchst\u00fcckspauschale enthalten ist, wird der Fr\u00fchst\u00fcckpreis vom Hotel konkret angegeben.<\/p>\n<p>\u00a7 5 Umbuchungen und Stornierungen<\/p>\n<p>Umbuchungen und Stornierungen sollten schriftlich, per E-Mail oder telefonisch direkt beim Hotel vorgenommen werden, um Irrt\u00fcmer zu vermeiden. Es wird darauf hingewiesen, dass bei garantierten Reservierungen gem. \u00a7 4 b) (Reservierung mittels Kreditkarte) das Hotel dem Nutzer eine Stornogeb\u00fchr in Rechnung stellen kann, sofern die Stornierung nach Ablauf der ausgewiesenen Stornofrist erfolgt. Auf Anfall und H\u00f6he der Stornogeb\u00fchr hat\u00a0www.hotels-in-regensburg.com e.V. keinen Einfluss.<\/p>\n<p>\u00a7 6 Haftungsbeschr\u00e4nkungen<\/p>\n<p>a) F\u00fcr die Richtigkeit und Vollst\u00e4ndigkeit der Hotelinformationen, die auf der Webseite eingestellt sind, insbesondere f\u00fcr etwaige Fehler bei der Datenerfassung oder Daten\u00fcbertragung, \u00fcbernimmt\u00a0www.hotels-in-regensburg.com e.V. keine Haftung. Ebenso wenig haftet\u00a0www.hotels-in-regensburg.com e.V. f\u00fcr die ordnungsgem\u00e4\u00dfe Erf\u00fcllung des Beherbergungsvertrages durch die vermittelten Hotels gegen\u00fcber dem Nutzer.<\/p>\n<p>b) Die Haftung von\u00a0www.hotels-in-regensburg.com e.V. ist grunds\u00e4tzlich auf Vorsatz und grobe Fahrl\u00e4ssigkeit beschr\u00e4nkt. Im Falle einer etwaigen Haftung ist diese auf den typischerweise vorhersehbaren Schaden begrenzt. Dies gilt jedoch nicht in F\u00e4llen des vors\u00e4tzlichen oder grob fahrl\u00e4ssigen Verletzens vertragswesentlicher Pflichten.<\/p>\n<p>c) Die www.hotels-in-regensburg.com e.V.-Internetseiten werden auf das eigene Risiko des Nutzers genutzt.\u00a0www.hotels-in-regensburg.com e.V. trifft zur Vermeidung des Risikos des unberechtigten Zugriffs Dritter auf Daten des Nutzers auf den Webseiten des Hotelreservierungs-Systems die branchen\u00fcblichen, angemessenen Ma\u00dfnahmen. Sollte dennoch ein Zugriff Dritter auf Daten des Kunden bzw. auf Informationen der Webseiten des Hotelreservierungs-Systems erfolgen, haftet\u00a0www.hotels-in-regensburg.com e.V. hierf\u00fcr nicht.<\/p>\n<p>\u00a7 7 Datenschutz<\/p>\n<p>www.hotels-in-regensburg.com e.V.\u00a0ist berechtigt, die eingegebenen Nutzer-Daten elektronisch zu speichern. Die Daten werden nur zu eigenen Zwecken verwendet und nicht an Dritte, die nicht an der Reservierung beteiligt sind, weitergegeben. Eine unmittelbare Weitergabe der Nutzer-Daten erfolgt insofern nur an das jeweils vom Nutzer ausgew\u00e4hlte Hotel.<\/p>\n<p>\u00a7 8 \u00c4nderungen der Nutzungsbedingungen<\/p>\n<p>Ausschluss der Nutzung.<\/p>\n<p>a)\u00a0www.hotels-in-regensburg.com e.V. beh\u00e4lt sich das Recht vor, die AGB jederzeit zu \u00e4ndern. Bereits vorgenommene Reservierungen bleiben von solchen \u00c4nderungen unber\u00fchrt. Es gelten die jeweils zum Zeitpunkt der Reservierung g\u00fcltigen AGB.<\/p>\n<p>b)\u00a0www.hotels-in-regensburg.com e.V. beh\u00e4lt sich das Recht vor, einzelne Nutzer von der Nutzung der Webseite auszuschlie\u00dfen, wenn schwerwiegende Gr\u00fcnde hierf\u00fcr in der Person oder im Verhalten des Nutzers liegen, wie z.B. bei wiederholt ungenutzten Reservierungen.<\/p>\n<p>c) Um dem Missbrauch von Fehlbuchungen vorzubeugen, beh\u00e4lt sich\u00a0www.hotels-in-regensburg.com e.V. weiterhin das Recht vor, im Falle unrichtiger Dateneingabe selbst\u00e4ndig die Reservierung zu stornieren, sofern es sich nicht um eine garantierte Reservierung i.S.v. \u00a7 4 b) handelt.<\/p>\n<p>\u00a7 9 Gerichtsstand, anzuwendendes Recht, Schriftform, salvatorische Klausel<\/p>\n<p>a) Ausschlie\u00dflicher Gerichtsstand f\u00fcr Streitigkeiten aus und im Zusammenhang mit der Nutzung der www.hotels-in-regensburg.com e.V.-Webseiten und des www.hotels-in-regensburg.com e.V.-Reservierungs-Services ist Regensburg.<\/p>\n<p>b) Dieser Vertrag unterliegt ausschlie\u00dflich dem materiellen Recht der Bundesrepublik Deutschland.<\/p>\n<p>c) Erf\u00fcllungsort ist Regensburg.<\/p>\n<p>d) Alle Erkl\u00e4rungen gegen\u00fcber www.hotels-in-regensburg.com e.V., die den Beherbergungsvertrag betreffen, bed\u00fcrfen der Schriftform. Die Schriftform ist durch das Verschicken von E-Mails an die Adresse info@hotels-in-regensburg.com gewahrt.<\/p>\n<p>e) Sofern eine Bestimmung dieser AGB unwirksam ist, bleiben die \u00fcbrigen Bestimmungen davon unber\u00fchrt. Die unwirksame Bestimmung gilt als durch eine solche ersetzt, die dem Sinn und Zweck der unwirksamen Bestimmung in rechtswirksamer Weise wirtschaftlich am n\u00e4chsten kommt. Gleiches gilt f\u00fcr eventuelle Regelungsl\u00fccken.<\/p>\n<p>www.hotels-in-regensburg.com e.V.<\/p>\n<p>Taendlergasse 9<br \/>\n93047 Regensburg<br \/>\nTel. 0941 &#8211; 58440<br \/>\nFax 0941 &#8211; 561709<\/p>\n<p>Registernummer VR 201026<\/p>\n<p>E-mail: info@hotels-in-regensburg.com<\/p>\n<p>Internet: http:\/\/www.hotels-in-regensburg.com<\/p>\n<p>Wenn Sie die Antwort auf Ihre Frage in diesen AGB nicht finden oder zu den AGB selbst weitere Informationen w\u00fcnschen, k\u00f6nnen Sie sich jederzeit mit\u00a0www.hotels-in-regensburg.com e.V. in Verbindung setzen.<\/p>\n<\/div>\n<\/div>\n<\/div>\n<\/div>\n<\/div>\n<\/div><\/section><\/div>\n","protected":false},"excerpt":{"rendered":"","protected":false},"author":1,"featured_media":0,"parent":0,"menu_order":0,"comment_status":"closed","ping_status":"closed","template":"","meta":{"_links_to":"","_links_to_target":""},"_links":{"self":[{"href":"https:\/\/hotels-in-regensburg.com\/en\/wp-json\/wp\/v2\/pages\/3873"}],"collection":[{"href":"https:\/\/hotels-in-regensburg.com\/en\/wp-json\/wp\/v2\/pages"}],"about":[{"href":"https:\/\/hotels-in-regensburg.com\/en\/wp-json\/wp\/v2\/types\/page"}],"author":[{"embeddable":true,"href":"https:\/\/hotels-in-regensburg.com\/en\/wp-json\/wp\/v2\/users\/1"}],"replies":[{"embeddable":true,"href":"https:\/\/hotels-in-regensburg.com\/en\/wp-json\/wp\/v2\/comments?post=3873"}],"version-history":[{"count":2,"href":"https:\/\/hotels-in-regensburg.com\/en\/wp-json\/wp\/v2\/pages\/3873\/revisions"}],"predecessor-version":[{"id":3875,"href":"https:\/\/hotels-in-regensburg.com\/en\/wp-json\/wp\/v2\/pages\/3873\/revisions\/3875"}],"wp:attachment":[{"href":"https:\/\/hotels-in-regensburg.com\/en\/wp-json\/wp\/v2\/media?parent=3873"}],"curies":[{"name":"wp","href":"https:\/\/api.w.org\/{rel}","templated":true}]}}